{"id":67414,"date":"2023-08-09T22:07:00","date_gmt":"2023-08-09T22:07:00","guid":{"rendered":"https:\/\/domica.com.pl\/uber-die-fabrik\/"},"modified":"2025-09-04T08:40:12","modified_gmt":"2025-09-04T08:40:12","slug":"uber-die-fabrik","status":"publish","type":"page","link":"https:\/\/domica.com.pl\/de\/uber-die-fabrik\/","title":{"rendered":"\u00dcber die Fabrik"},"content":{"rendered":"<p>[et_pb_section fb_built=&#8220;1&#8243; admin_label=&#8220;Header&#8220; _builder_version=&#8220;4.21.0&#8243; _module_preset=&#8220;default&#8220; custom_padding=&#8220;||6px|||&#8220; collapsed=&#8220;on&#8220; global_colors_info=&#8220;{}&#8220;][et_pb_row column_structure=&#8220;3_5,2_5&#8243; _builder_version=&#8220;4.21.0&#8243; _module_preset=&#8220;default&#8220; global_colors_info=&#8220;{}&#8220;][et_pb_column type=&#8220;3_5&#8243; _builder_version=&#8220;4.21.0&#8243; _module_preset=&#8220;default&#8220; global_colors_info=&#8220;{}&#8220;][et_pb_image src=&#8220;https:\/\/domica.com.pl\/wp-content\/uploads\/2023\/09\/synget-szary.svg&#8220; title_text=&#8220;synget szary&#8220; _builder_version=&#8220;4.21.0&#8243; _module_preset=&#8220;default&#8220; transform_translate=&#8220;-100%|-50%&#8220; transform_translate_linked=&#8220;off&#8220; positioning=&#8220;absolute&#8220; max_width=&#8220;80px&#8220; max_height=&#8220;80px&#8220; global_colors_info=&#8220;{}&#8220;][\/et_pb_image][et_pb_text _builder_version=&#8220;4.21.0&#8243; _module_preset=&#8220;e6504a1b-67eb-4b3d-b023-bcab277610b6&#8243; link_font=&#8220;||||||||&#8220; link_text_color=&#8220;#AE8F73&#8243; header_4_font=&#8220;Inter|700||on|||||&#8220; header_4_text_color=&#8220;#e8a21f&#8220; header_4_font_size=&#8220;12px&#8220; header_4_letter_spacing=&#8220;0.2em&#8220; header_4_line_height=&#8220;1.5em&#8220; custom_margin=&#8220;||0px||false|false&#8220; global_colors_info=&#8220;{}&#8220;]<\/p>\n<h4>Informationen \u00fcber uns<\/h4>\n<p>[\/et_pb_text][et_pb_text _builder_version=&#8220;4.21.0&#8243; _module_preset=&#8220;b327cbe4-b1d5-4b66-ad37-40c8f2f061ba&#8220; header_2_font=&#8220;Barlow Condensed|600||on|||||&#8220; header_2_text_color=&#8220;#0d232d&#8220; header_2_font_size=&#8220;80px&#8220; max_width=&#8220;720px&#8220; header_2_font_size_tablet=&#8220;32px&#8220; header_2_font_size_phone=&#8220;40px&#8220; header_2_font_size_last_edited=&#8220;on|phone&#8220; global_colors_info=&#8220;{}&#8220;]<\/p>\n<h2>Lernen Sie die Domica-Fabrik kennen<\/h2>\n<p>[\/et_pb_text][et_pb_text _builder_version=&#8220;4.27.4&#8243; _module_preset=&#8220;1f09816e-184e-4ce5-a4cf-b39c52c423ca&#8220; text_font=&#8220;Inter|500|||||||&#8220; text_text_color=&#8220;#0D291F&#8220; text_font_size=&#8220;17px&#8220; text_line_height=&#8220;1.75em&#8220; text_font_size_tablet=&#8220;15px&#8220; text_font_size_phone=&#8220;14px&#8220; text_font_size_last_edited=&#8220;on|phone&#8220; header_font_size_tablet=&#8220;55px&#8220; header_font_size_last_edited=&#8220;off|desktop&#8220; global_colors_info=&#8220;{}&#8220;]<\/p>\n<p>Domica ist eine Fabrik in Radzewice bei Posen. Seit \u00fcber einem Jahrzehnt hat unser Unternehmen Hunderte von Modulh\u00e4usern, mobilen Einzelhandelspavillons, Blockh\u00fctten, modularen Terrassenpergolen und Holzgaragen f\u00fcr Autos fertiggestellt. Seit einigen Jahren produzieren wir auch Saunen und Spa-Module mit Whirlpools und Saunen.  <\/p>\n<p>Unsere Mission ist es, Wohn- und B\u00fcrogeb\u00e4ude mit langlebiger Konstruktion, moderner Ausstattung und garantierter Funktionalit\u00e4t f\u00fcr die kommenden Jahrzehnte zu bauen. Die meisten unserer Geb\u00e4ude werden in Stahlrahmenbauweise errichtet, was einen einfachen Transport zum endg\u00fcltigen Bestimmungsort und sogar eine Umsiedlung nach vielen Jahren erm\u00f6glicht. <\/p>\n<p>[\/et_pb_text][\/et_pb_column][et_pb_column type=&#8220;2_5&#8243; _builder_version=&#8220;4.21.0&#8243; _module_preset=&#8220;default&#8220; global_colors_info=&#8220;{}&#8220;][et_pb_image src=&#8220;https:\/\/domica.com.pl\/wp-content\/uploads\/2023\/09\/fabryka-Domica-poznan.jpg&#8220; title_text=&#8220;fabryka Domica pozna\u0144&#8220; disabled_on=&#8220;on|off|off&#8220; _builder_version=&#8220;4.27.4&#8243; _module_preset=&#8220;default&#8220; background_enable_image=&#8220;off&#8220; custom_margin=&#8220;|-8vw|||false|false&#8220; custom_margin_tablet=&#8220;|0vw|||false|false&#8220; custom_margin_phone=&#8220;|0vw|||false|false&#8220; custom_margin_last_edited=&#8220;on|desktop&#8220; border_radii=&#8220;on|15px|15px|15px|15px&#8220; global_colors_info=&#8220;{}&#8220;][\/et_pb_image][et_pb_image src=&#8220;https:\/\/domica.com.pl\/wp-content\/uploads\/2024\/02\/DSC2268-scaled.jpg&#8220; title_text=&#8220;_DSC2268&#8243; disabled_on=&#8220;on|off|off&#8220; _builder_version=&#8220;4.27.4&#8243; _module_preset=&#8220;default&#8220; background_enable_image=&#8220;off&#8220; width=&#8220;78%&#8220; custom_margin=&#8220;-388px|-12vw||399px|false|false&#8220; custom_margin_tablet=&#8220;|0vw|||false|false&#8220; custom_margin_phone=&#8220;|0vw|||false|false&#8220; custom_margin_last_edited=&#8220;on|desktop&#8220; border_radii=&#8220;on|15px|15px|15px|15px&#8220; global_colors_info=&#8220;{}&#8220;][\/et_pb_image][\/et_pb_column][\/et_pb_row][\/et_pb_section][et_pb_section fb_built=&#8220;1&#8243; custom_padding_last_edited=&#8220;on|tablet&#8220; disabled_on=&#8220;off|off|off&#8220; admin_label=&#8220;Call to Action&#8220; _builder_version=&#8220;4.21.0&#8243; _module_preset=&#8220;default&#8220; custom_padding=&#8220;0px||20px||false|false&#8220; custom_padding_tablet=&#8220;0px||0px||false|false&#8220; custom_padding_phone=&#8220;0px||0px||false|false&#8220; locked=&#8220;off&#8220; collapsed=&#8220;on&#8220; global_colors_info=&#8220;{}&#8220;][et_pb_row _builder_version=&#8220;4.27.4&#8243; _module_preset=&#8220;default&#8220; global_colors_info=&#8220;{}&#8220;][et_pb_column type=&#8220;4_4&#8243; _builder_version=&#8220;4.27.4&#8243; _module_preset=&#8220;default&#8220; global_colors_info=&#8220;{}&#8220;][et_pb_gallery gallery_ids=&#8220;987508784,987508796,987508790,987508802&#8243; fullwidth=&#8220;on&#8220; _builder_version=&#8220;4.27.4&#8243; _module_preset=&#8220;default&#8220; auto=&#8220;on&#8220; auto_speed=&#8220;5000&#8243; hover_enabled=&#8220;0&#8243; border_radii=&#8220;on|15px|15px|15px|15px&#8220; global_colors_info=&#8220;{}&#8220; sticky_enabled=&#8220;0&#8243;][\/et_pb_gallery][\/et_pb_column][\/et_pb_row][et_pb_row column_structure=&#8220;1_3,2_3&#8243; use_custom_gutter=&#8220;on&#8220; gutter_width=&#8220;2&#8243; make_equal=&#8220;on&#8220; disabled_on=&#8220;off|off|off&#8220; _builder_version=&#8220;4.27.4&#8243; _module_preset=&#8220;default&#8220; width_tablet=&#8220;80%&#8220; width_phone=&#8220;80%&#8220; width_last_edited=&#8220;on|desktop&#8220; global_colors_info=&#8220;{}&#8220;][et_pb_column type=&#8220;1_3&#8243; _builder_version=&#8220;4.27.4&#8243; _module_preset=&#8220;default&#8220; border_radii=&#8220;on|10px|10px|10px|10px&#8220; global_colors_info=&#8220;{}&#8220;][et_pb_code _builder_version=&#8220;4.27.4&#8243; _module_preset=&#8220;default&#8220; filter_saturate=&#8220;0%&#8220; global_colors_info=&#8220;{}&#8220; filter_saturate__hover_enabled=&#8220;on|hover&#8220; filter_saturate__hover=&#8220;100%&#8220;]<iframe src=\"https:\/\/www.google.com\/maps\/embed?pb=!1m18!1m12!1m3!1d4070.9145482714052!2d16.978819377579097!3d52.216887958625726!2m3!1f0!2f0!3f0!3m2!1i1024!2i768!4f13.1!3m3!1m2!1s0x470445343503f0ab%3A0x4f46f9a7bfc5463c!2sDomica%20-%20domy%20modu%C5%82owe%2C%20pawilony%20handlowe%2C%20modu%C5%82y%20SPA!5e1!3m2!1sen!2spl!4v1743785265742!5m2!1sen!2spl\" width=\"600\" height=\"600\" style=\"border:0;\" allowfullscreen=\"\" loading=\"lazy\" referrerpolicy=\"no-referrer-when-downgrade\"><\/iframe>[\/et_pb_code][\/et_pb_column][et_pb_column type=&#8220;2_3&#8243; _builder_version=&#8220;4.27.4&#8243; _module_preset=&#8220;default&#8220; background_color=&#8220;#f3eee8&#8243; custom_padding=&#8220;2vw|50px|2vw|50px|true|true&#8220; custom_padding_tablet=&#8220;|30px||30px|false|true&#8220; custom_padding_phone=&#8220;|20px||20px|true|true&#8220; custom_padding_last_edited=&#8220;on|desktop&#8220; border_radii=&#8220;on|10px|10px|10px|10px&#8220; global_colors_info=&#8220;{}&#8220;][et_pb_text _builder_version=&#8220;4.27.4&#8243; _module_preset=&#8220;1f09816e-184e-4ce5-a4cf-b39c52c423ca&#8220; text_font=&#8220;Inter|300|||||||&#8220; text_text_color=&#8220;#000000&#8243; text_font_size=&#8220;17px&#8220; text_line_height=&#8220;1.75em&#8220; ul_line_height=&#8220;1.75em&#8220; text_font_size_tablet=&#8220;15px&#8220; text_font_size_phone=&#8220;14px&#8220; text_font_size_last_edited=&#8220;on|phone&#8220; ul_font_size_tablet=&#8220;&#8220; ul_font_size_phone=&#8220;16px&#8220; ul_font_size_last_edited=&#8220;on|phone&#8220; header_font_size_tablet=&#8220;55px&#8220; header_font_size_last_edited=&#8220;off|desktop&#8220; global_colors_info=&#8220;{}&#8220;]Wir greifen auf die Expertise eigener Spezialisten und externer Experten in den Bereichen Ergonomie und Wohn\u00f6kologie zur\u00fcck. Die Entw\u00fcrfe werden von auf Modulbau spezialisierten Architekturb\u00fcros entwickelt. <\/p>\n<p>Unser Maschinenpark gew\u00e4hrleistet h\u00f6chste Pr\u00e4zision bei der Herstellung der Komponenten und durch die st\u00e4ndige Erg\u00e4nzung und Erweiterung der verf\u00fcgbaren Ausr\u00fcstung k\u00f6nnen wir mit den Markttrends Schritt halten.<\/p>\n<p>Wir sind stolz darauf, dass die Qualit\u00e4t unserer H\u00e4user, B\u00fcros und Rahmenkonstruktionen nicht nur der Qualit\u00e4t westeurop\u00e4ischer Geb\u00e4ude entspricht, sondern diese um ein Vielfaches \u00fcbertrifft \u2013 wovon wir uns durch die Lieferung unserer Produkte ins Ausland sowie durch die Teilnahme an Messen und anderen Branchenveranstaltungen pers\u00f6nlich \u00fcberzeugen k\u00f6nnen.<\/p>\n<p>Wir machen Ihren Traum von einem komfortablen, modernen, langlebigen, \u00e4sthetischen und \u00f6kologischen Zuhause oder B\u00fcro wahr![\/et_pb_text][\/et_pb_column][\/et_pb_row][\/et_pb_section][et_pb_section fb_built=&#8220;1&#8243; _builder_version=&#8220;4.23.1&#8243; _module_preset=&#8220;default&#8220; global_colors_info=&#8220;{}&#8220;][et_pb_row use_custom_gutter=&#8220;on&#8220; gutter_width=&#8220;1&#8243; _builder_version=&#8220;4.23.1&#8243; _module_preset=&#8220;default&#8220; width=&#8220;100%&#8220; max_width=&#8220;100%&#8220; global_colors_info=&#8220;{}&#8220;][et_pb_column type=&#8220;4_4&#8243; _builder_version=&#8220;4.23.1&#8243; _module_preset=&#8220;default&#8220; global_colors_info=&#8220;{}&#8220;][et_pb_gallery gallery_ids=&#8220;65992,65996,66018,66032,66016,66020,66008,66002,66006,66004,66010,65994,66012,65998,66014,66000,66022,66024,66028,66030&#8243; posts_number=&#8220;24&#8243; show_title_and_caption=&#8220;off&#8220; show_pagination=&#8220;off&#8220; zoom_icon_color=&#8220;#e8a21f&#8220; hover_icon=&#8220;\uf302||fa||900&#8243; _builder_version=&#8220;4.23.1&#8243; _module_preset=&#8220;default&#8220; pagination_text_color=&#8220;RGBA(255,255,255,0)&#8220; box_shadow_style_image=&#8220;preset1&#8243; global_colors_info=&#8220;{}&#8220;][\/et_pb_gallery][\/et_pb_column][\/et_pb_row][\/et_pb_section][et_pb_section fb_built=&#8220;1&#8243; admin_label=&#8220;About&#8220; _builder_version=&#8220;4.21.0&#8243; _module_preset=&#8220;default&#8220; collapsed=&#8220;on&#8220; global_colors_info=&#8220;{}&#8220;][et_pb_row column_structure=&#8220;1_2,1_2&#8243; _builder_version=&#8220;4.21.0&#8243; _module_preset=&#8220;default&#8220; global_colors_info=&#8220;{}&#8220;][et_pb_column type=&#8220;1_2&#8243; _builder_version=&#8220;4.21.0&#8243; _module_preset=&#8220;default&#8220; global_colors_info=&#8220;{}&#8220;][et_pb_text _builder_version=&#8220;4.21.0&#8243; _module_preset=&#8220;b327cbe4-b1d5-4b66-ad37-40c8f2f061ba&#8220; header_2_font=&#8220;Barlow Condensed|600||on|||||&#8220; header_2_text_color=&#8220;#0d232d&#8220; header_2_font_size=&#8220;80px&#8220; max_width=&#8220;720px&#8220; header_2_font_size_tablet=&#8220;32px&#8220; header_2_font_size_phone=&#8220;30px&#8220; header_2_font_size_last_edited=&#8220;on|phone&#8220; global_colors_info=&#8220;{}&#8220;]<\/p>\n<h2>Qualit\u00e4t und Langlebigkeit<\/h2>\n<p>[\/et_pb_text][\/et_pb_column][et_pb_column type=&#8220;1_2&#8243; _builder_version=&#8220;4.21.0&#8243; _module_preset=&#8220;default&#8220; global_colors_info=&#8220;{}&#8220;][et_pb_text _builder_version=&#8220;4.21.0&#8243; _module_preset=&#8220;1f09816e-184e-4ce5-a4cf-b39c52c423ca&#8220; text_font=&#8220;Inter|500|||||||&#8220; text_text_color=&#8220;#0D291F&#8220; text_font_size=&#8220;17px&#8220; text_line_height=&#8220;1.75em&#8220; text_font_size_tablet=&#8220;15px&#8220; text_font_size_phone=&#8220;14px&#8220; text_font_size_last_edited=&#8220;on|phone&#8220; header_font_size_tablet=&#8220;55px&#8220; header_font_size_last_edited=&#8220;off|desktop&#8220; global_colors_info=&#8220;{}&#8220;]Bei der Bestellung eines Hauses, Pavillons oder Moduls k\u00f6nnen Sie sicher sein, dass unsere Spezialisten, Designer und Bauunternehmer ein bis ins Detail ausgefeiltes Bauwerk liefern, das h\u00f6chsten \u00e4sthetischen und funktionalen Anspr\u00fcchen gerecht wird. Unser Ruf wird durch die langj\u00e4hrige T\u00e4tigkeit von Domica durch viele Kunden best\u00e4tigt. Wir haben komfortable Geb\u00e4ude gebaut, die nicht nur Kunden aus Polen, sondern auch aus L\u00e4ndern wie Deutschland, der Tschechischen Republik und Belgien gefallen.   <\/p>\n<p>Bitte kontaktieren Sie uns![\/et_pb_text][\/et_pb_column][\/et_pb_row][\/et_pb_section][et_pb_section fb_built=&#8220;1&#8243; _builder_version=&#8220;4.21.0&#8243; _module_preset=&#8220;default&#8220; custom_padding=&#8220;||140px|||&#8220; global_module=&#8220;63958&#8243; saved_tabs=&#8220;all&#8220; global_colors_info=&#8220;{}&#8220;][et_pb_row _builder_version=&#8220;4.21.0&#8243; _module_preset=&#8220;default&#8220; use_background_color_gradient=&#8220;on&#8220; background_color_gradient_stops=&#8220;rgba(14,14,14,0.85) 0%|rgba(14,14,14,0.2) 100%&#8220; background_color_gradient_overlays_image=&#8220;on&#8220; background_image=&#8220;https:\/\/domica.com.pl\/wp-content\/uploads\/2023\/09\/fabryka-Domica-poznan.jpg&#8220; max_width=&#8220;1280px&#8220; custom_padding=&#8220;8vw|8vw|8vw|8vw|true|true&#8220; border_radii=&#8220;on|3vw|3vw|3vw|3vw&#8220; global_colors_info=&#8220;{}&#8220; custom_margin__hover_enabled=&#8220;off|desktop&#8220;][et_pb_column type=&#8220;4_4&#8243; _builder_version=&#8220;4.21.0&#8243; _module_preset=&#8220;default&#8220; global_colors_info=&#8220;{}&#8220;][et_pb_text _builder_version=&#8220;4.21.0&#8243; _module_preset=&#8220;ad2632d9-79a9-4a74-a3ea-8a477ab03914&#8243; header_2_font=&#8220;Barlow Condensed|600|||||||&#8220; header_2_text_color=&#8220;#FFFFFF&#8220; header_2_font_size=&#8220;100px&#8220; header_2_line_height=&#8220;1em&#8220; text_orientation=&#8220;center&#8220; header_2_font_size_phone=&#8220;40px&#8220; global_colors_info=&#8220;{}&#8220;]<\/p>\n<h2>Sehen Sie unsere Fabrik live<\/h2>\n<p>[\/et_pb_text][et_pb_button button_url=&#8220;#kontakt&#8220; button_text=&#8220;Um\u00f3w wizyt\u0119&#8220; button_alignment=&#8220;center&#8220; _builder_version=&#8220;4.22.1&#8243; _module_preset=&#8220;a758538d-fcf5-4624-8114-d07b4cf68984&#8243; custom_button=&#8220;on&#8220; button_text_size=&#8220;12px&#8220; button_text_color=&#8220;#FFFFFF&#8220; button_bg_color=&#8220;RGBA(255,255,255,0)&#8220; button_border_color=&#8220;#FFFFFF&#8220; button_border_radius=&#8220;15px&#8220; button_letter_spacing=&#8220;0.5em&#8220; button_font=&#8220;Inter|700||on|||||&#8220; custom_margin=&#8220;100px|||||&#8220; custom_padding=&#8220;16px|24px|16px|24px|true|true&#8220; global_colors_info=&#8220;{}&#8220;][\/et_pb_button][\/et_pb_column][\/et_pb_row][\/et_pb_section]<\/p>\n","protected":false},"excerpt":{"rendered":"<p>Hersteller von Modulh\u00e4usern, Fertigh\u00e4usern, Gewerbepavillons, Blockh\u00e4usern, Fachwerkh\u00e4usern, modularen Terrassenpergolen und Gartensaunen. <\/p>\n","protected":false},"author":1,"featured_media":66898,"parent":0,"menu_order":0,"comment_status":"closed","ping_status":"closed","template":"","meta":{"_et_pb_use_builder":"on","_et_pb_old_content":"","_et_gb_content_width":"","inline_featured_image":false,"_monsterinsights_skip_tracking":false,"_monsterinsights_sitenote_active":false,"_monsterinsights_sitenote_note":"","_monsterinsights_sitenote_category":0,"footnotes":""},"class_list":["post-67414","page","type-page","status-publish","has-post-thumbnail","hentry"],"aioseo_notices":[],"_links":{"self":[{"href":"https:\/\/domica.com.pl\/de\/wp-json\/wp\/v2\/pages\/67414","targetHints":{"allow":["GET"]}}],"collection":[{"href":"https:\/\/domica.com.pl\/de\/wp-json\/wp\/v2\/pages"}],"about":[{"href":"https:\/\/domica.com.pl\/de\/wp-json\/wp\/v2\/types\/page"}],"author":[{"embeddable":true,"href":"https:\/\/domica.com.pl\/de\/wp-json\/wp\/v2\/users\/1"}],"replies":[{"embeddable":true,"href":"https:\/\/domica.com.pl\/de\/wp-json\/wp\/v2\/comments?post=67414"}],"version-history":[{"count":4,"href":"https:\/\/domica.com.pl\/de\/wp-json\/wp\/v2\/pages\/67414\/revisions"}],"predecessor-version":[{"id":987513707,"href":"https:\/\/domica.com.pl\/de\/wp-json\/wp\/v2\/pages\/67414\/revisions\/987513707"}],"wp:featuredmedia":[{"embeddable":true,"href":"https:\/\/domica.com.pl\/de\/wp-json\/wp\/v2\/media\/66898"}],"wp:attachment":[{"href":"https:\/\/domica.com.pl\/de\/wp-json\/wp\/v2\/media?parent=67414"}],"curies":[{"name":"wp","href":"https:\/\/api.w.org\/{rel}","templated":true}]}}